{"id":9230,"date":"2023-03-23T12:00:02","date_gmt":"2023-03-23T12:00:02","guid":{"rendered":"https:\/\/dummy.xtemos.com\/woodmart2\/?page_id=9230"},"modified":"2024-09-20T14:07:15","modified_gmt":"2024-09-20T14:07:15","slug":"home-developer","status":"publish","type":"page","link":"https:\/\/www.bahisbet.ai\/","title":{"rendered":"Anasayfa"},"content":{"rendered":"<div class=\"wpb-content-wrapper\"><p>[vc_row woodmart_stretch_content=&#8221;section-stretch&#8221; woodmart_bg_position=&#8221;left-center&#8221; css=&#8221;.vc_custom_1726840559590{padding-top: 160px !important;padding-bottom: 0px !important;background: #242424 url(https:\/\/www.bahisbet.ai\/wp-content\/uploads\/2024\/09\/bg3x.jpg?id=9452) !important;background-position: center !important;background-repeat: no-repeat !important;background-size: cover !important;}&#8221; mobile_bg_img_hidden=&#8221;no&#8221; tablet_bg_img_hidden=&#8221;no&#8221; woodmart_parallax=&#8221;0&#8243; woodmart_gradient_switch=&#8221;no&#8221; row_reverse_mobile=&#8221;0&#8243; row_reverse_tablet=&#8221;0&#8243; woodmart_disable_overflow=&#8221;0&#8243; woodmart_css_id=&#8221;66ed7ea32eea3&#8243; responsive_spacing=&#8221;eyJwYXJhbV90eXBlIjoid29vZG1hcnRfcmVzcG9uc2l2ZV9zcGFjaW5nIiwic2VsZWN0b3JfaWQiOiI2NmVkN2VhMzJlZWEzIiwic2hvcnRjb2RlIjoidmNfcm93IiwiZGF0YSI6eyJ0YWJsZXQiOnsicGFkZGluZy10b3AiOiI4MHB4In0sIm1vYmlsZSI6eyJwYWRkaW5nLXRvcCI6IjYwcHgifX19&#8243; woodmart_box_shadow=&#8221;no&#8221; wd_z_index=&#8221;no&#8221; el_id=&#8221;Home&#8221;][vc_column width=&#8221;2\/3&#8243; woodmart_color_scheme=&#8221;light&#8221; woodmart_text_align=&#8221;left&#8221; css=&#8221;.vc_custom_1677857367828{margin-top: 100px !important;padding-top: 0px !important;}&#8221; mobile_bg_img_hidden=&#8221;no&#8221; tablet_bg_img_hidden=&#8221;no&#8221; woodmart_parallax=&#8221;0&#8243; woodmart_sticky_column=&#8221;false&#8221; parallax_scroll=&#8221;no&#8221; mobile_reset_margin=&#8221;no&#8221; tablet_reset_margin=&#8221;no&#8221; offset=&#8221;vc_col-lg-7 vc_col-md-8 vc_col-xs-12&#8243; woodmart_css_id=&#8221;6402124fad8bc&#8221; wd_collapsible_content_switcher=&#8221;no&#8221; wd_column_role_offcanvas_desktop=&#8221;no&#8221; wd_column_role_offcanvas_tablet=&#8221;no&#8221; wd_column_role_offcanvas_mobile=&#8221;no&#8221; wd_column_role_content_desktop=&#8221;no&#8221; wd_column_role_content_tablet=&#8221;no&#8221; wd_column_role_content_mobile=&#8221;no&#8221; woodmart_box_shadow=&#8221;no&#8221; responsive_spacing=&#8221;eyJwYXJhbV90eXBlIjoid29vZG1hcnRfcmVzcG9uc2l2ZV9zcGFjaW5nIiwic2VsZWN0b3JfaWQiOiI2NDAyMTI0ZmFkOGJjIiwic2hvcnRjb2RlIjoidmNfY29sdW1uIiwiZGF0YSI6eyJ0YWJsZXQiOnt9LCJtb2JpbGUiOnsibWFyZ2luLXRvcCI6IjgwcHgiLCJtYXJnaW4tYm90dG9tIjoiODAifX19&#8243; wd_z_index=&#8221;no&#8221;]\t\t\t<link rel=\"stylesheet\" id=\"wd-section-title-css\" href=\"https:\/\/www.bahisbet.ai\/wp-content\/themes\/woodmart\/css\/parts\/el-section-title.min.css?ver=7.4.3\" type=\"text\/css\" media=\"all\" \/> \t\t\t\t\t\t<link rel=\"stylesheet\" id=\"wd-mod-highlighted-text-css\" href=\"https:\/\/www.bahisbet.ai\/wp-content\/themes\/woodmart\/css\/parts\/mod-highlighted-text.min.css?ver=7.4.3\" type=\"text\/css\" media=\"all\" \/> \t\t\t\n\t\t<div id=\"wd-66ed80c34b6e2\" class=\"title-wrapper wd-wpb set-mb-s reset-last-child  wd-rs-66ed80c34b6e2 wd-title-color-default wd-title-style-default text-left  wd-underline-colored\">\n\t\t\t\n\t\t\t<div class=\"liner-continer\">\n\t\t\t\t<h4 class=\"woodmart-title-container title  wd-font-weight- wd-fontsize-xxl\" >\u0130stedi\u011finiz Her Yerde<br \/>\nBahis Yapman\u0131n Keyfini \u00c7\u0131kar\u0131n!<\/h4>\n\t\t\t\t\t\t\t<\/div>\n\t\t\t\n\t\t\t\n\t\t\t\n\t\t<\/div>\n\t\t\n\t\t\t\t\t<link rel=\"stylesheet\" id=\"wd-text-block-css\" href=\"https:\/\/www.bahisbet.ai\/wp-content\/themes\/woodmart\/css\/parts\/el-text-block.min.css?ver=7.4.3\" type=\"text\/css\" media=\"all\" \/> \t\t\t\t\t<div id=\"wd-66ecb1d0ecc51\" class=\"wd-text-block wd-wpb reset-last-child wd-rs-66ecb1d0ecc51 text-left color-scheme-light \">\n\t\t\t<p>G\u00fcncel BahisBet adresine giri\u015f yapmak i\u00e7in a\u015fa\u011f\u0131daki butona t\u0131klay\u0131n\u0131z.<\/p>\n\t\t<\/div>\n\t\t[vc_wp_text]<iframe title=\"BahisBet G\u00fcncel Adresi\" src=\"https:\/\/www.bahisbetgiris.ai\/btx\/adresegit.html\" height=\"70\" data-mce-fragment=\"1\"><\/iframe>[\/vc_wp_text][\/vc_column][vc_column width=&#8221;1\/3&#8243; css=&#8221;.vc_custom_1677857349287{padding-top: 0px !important;}&#8221; mobile_bg_img_hidden=&#8221;no&#8221; tablet_bg_img_hidden=&#8221;no&#8221; woodmart_parallax=&#8221;0&#8243; woodmart_sticky_column=&#8221;false&#8221; parallax_scroll=&#8221;no&#8221; mobile_reset_margin=&#8221;no&#8221; tablet_reset_margin=&#8221;no&#8221; offset=&#8221;vc_col-lg-5 vc_col-md-4 vc_hidden-xs&#8221; woodmart_css_id=&#8221;64021241edd7e&#8221; wd_collapsible_content_switcher=&#8221;no&#8221; wd_column_role_offcanvas_desktop=&#8221;no&#8221; wd_column_role_offcanvas_tablet=&#8221;no&#8221; wd_column_role_offcanvas_mobile=&#8221;no&#8221; wd_column_role_content_desktop=&#8221;no&#8221; wd_column_role_content_tablet=&#8221;no&#8221; wd_column_role_content_mobile=&#8221;no&#8221; woodmart_box_shadow=&#8221;no&#8221; responsive_spacing=&#8221;eyJwYXJhbV90eXBlIjoid29vZG1hcnRfcmVzcG9uc2l2ZV9zcGFjaW5nIiwic2VsZWN0b3JfaWQiOiI2NDAyMTI0MWVkZDdlIiwic2hvcnRjb2RlIjoidmNfY29sdW1uIiwiZGF0YSI6eyJ0YWJsZXQiOnt9LCJtb2JpbGUiOnt9fX0=&#8221; wd_z_index=&#8221;no&#8221;][\/vc_column][\/vc_row][vc_row css=&#8221;.vc_custom_1726836395588{padding-top: 40px !important;padding-bottom: 40px !important;}&#8221; woodmart_css_id=&#8221;66ed6ea726091&#8243; responsive_spacing=&#8221;eyJwYXJhbV90eXBlIjoid29vZG1hcnRfcmVzcG9uc2l2ZV9zcGFjaW5nIiwic2VsZWN0b3JfaWQiOiI2NmVkNmVhNzI2MDkxIiwic2hvcnRjb2RlIjoidmNfcm93IiwiZGF0YSI6eyJ0YWJsZXQiOnt9LCJtb2JpbGUiOnt9fX0=&#8221; mobile_bg_img_hidden=&#8221;no&#8221; tablet_bg_img_hidden=&#8221;no&#8221; woodmart_parallax=&#8221;0&#8243; woodmart_gradient_switch=&#8221;no&#8221; woodmart_box_shadow=&#8221;no&#8221; wd_z_index=&#8221;no&#8221; woodmart_disable_overflow=&#8221;0&#8243; row_reverse_mobile=&#8221;0&#8243; row_reverse_tablet=&#8221;0&#8243;][vc_column width=&#8221;1\/2&#8243;][vc_empty_space woodmart_hide_large=&#8221;0&#8243; woodmart_hide_medium=&#8221;0&#8243; woodmart_hide_small=&#8221;0&#8243;][vc_single_image image=&#8221;9456&#8243; img_size=&#8221;full&#8221; css=&#8221;&#8221; parallax_scroll=&#8221;no&#8221; woodmart_inline=&#8221;no&#8221;][\/vc_column][vc_column width=&#8221;1\/2&#8243; vertical_alignment=&#8221;eyJkZXZpY2VzIjp7ImRlc2t0b3AiOnsidmFsdWUiOiJjZW50ZXIifSwidGFibGV0Ijp7InZhbHVlIjoiIn0sIm1vYmlsZSI6eyJ2YWx1ZSI6IiJ9fX0=&#8221; woodmart_css_id=&#8221;66eca3da1c518&#8243; parallax_scroll=&#8221;no&#8221; woodmart_sticky_column=&#8221;false&#8221; wd_collapsible_content_switcher=&#8221;no&#8221; wd_column_role_offcanvas_desktop=&#8221;no&#8221; wd_column_role_offcanvas_tablet=&#8221;no&#8221; wd_column_role_offcanvas_mobile=&#8221;no&#8221; wd_column_role_content_desktop=&#8221;no&#8221; wd_column_role_content_tablet=&#8221;no&#8221; wd_column_role_content_mobile=&#8221;no&#8221; mobile_bg_img_hidden=&#8221;no&#8221; tablet_bg_img_hidden=&#8221;no&#8221; woodmart_parallax=&#8221;0&#8243; woodmart_box_shadow=&#8221;no&#8221; responsive_spacing=&#8221;eyJwYXJhbV90eXBlIjoid29vZG1hcnRfcmVzcG9uc2l2ZV9zcGFjaW5nIiwic2VsZWN0b3JfaWQiOiI2NmVjYTNkYTFjNTE4Iiwic2hvcnRjb2RlIjoidmNfY29sdW1uIiwiZGF0YSI6eyJ0YWJsZXQiOnt9LCJtb2JpbGUiOnt9fX0=&#8221; mobile_reset_margin=&#8221;no&#8221; tablet_reset_margin=&#8221;no&#8221; wd_z_index=&#8221;no&#8221;][vc_empty_space woodmart_hide_large=&#8221;0&#8243; woodmart_hide_medium=&#8221;0&#8243; woodmart_hide_small=&#8221;0&#8243;]\t\t\t<link rel=\"stylesheet\" id=\"wd-info-box-css\" href=\"https:\/\/www.bahisbet.ai\/wp-content\/themes\/woodmart\/css\/parts\/el-info-box.min.css?ver=7.4.3\" type=\"text\/css\" media=\"all\" \/> \t\t\t\t\t\t<div class=\"info-box-wrapper\">\n\t\t\t\t<div id=\"wd-66ed80c7cd8b6\" class=\" wd-rs-66ed80c7cd8b6 wd-info-box wd-wpb text-left box-icon-align-left box-style- color-scheme-light wd-bg-none wd-items-middle \">\n\t\t\t\t\t\t\t\t\t\t<div class=\"info-box-content\">\n\t\t\t\t\t\t<div class=\"info-box-subtitle subtitle-color-primary wd-fontsize-m subtitle-style-default wd-font-weight-500\">\u015e\u0130MD\u0130 BA\u015eLA<\/div><h4 class=\"info-box-title title box-title-style-default wd-fontsize-xxl\">Kazan\u00e7lar\u0131n\u0131za H\u0131zla Eri\u015fin ve Oyun Keyfini Kesintisiz Ya\u015fay\u0131n<\/h4>\t\t\t\t\t\t<div class=\"info-box-inner set-cont-mb-s reset-last-child\"><\/div>\n\n\t\t\t\t\t\t\t\t\t\t\t<\/div>\n\n\t\t\t\t\t\n\t\t\t\t\t<style><\/style>\t\t\t\t<\/div>\n\t\t\t<\/div>\n\t\t\t\t<div id=\"wd-66ed80d125947\" class=\"wd-text-block wd-wpb reset-last-child wd-rs-66ed80d125947 text-left color-scheme-light \">\n\t\t\t<p>Kazanc\u0131n\u0131z\u0131 hemen alman\u0131n tad\u0131n\u0131 \u00e7\u0131kar\u0131n! H\u0131zl\u0131 \u00f6deme s\u00fcre\u00e7lerimiz sayesinde, kazan\u00e7lar\u0131n\u0131za kolayca ula\u015fmak art\u0131k \u00e7ok basit. T\u00fcm i\u015flemleriniz, en g\u00fcvenilir \u00f6deme y\u00f6ntemleriyle ger\u00e7ekle\u015ftirilir. \u0130\u015flem s\u00fcrelerimizi minimize ederek, paran\u0131z\u0131n en k\u0131sa s\u00fcrede hesab\u0131n\u0131za aktar\u0131lmas\u0131n\u0131 sa\u011fl\u0131yoruz. Herhangi bir sorunla kar\u015f\u0131la\u015ft\u0131\u011f\u0131n\u0131zda, profesyonel destek ekibimiz 7\/24 yan\u0131n\u0131zda!<\/p>\n<p>Bahis d\u00fcnyas\u0131na ad\u0131m at\u0131n ve geni\u015f oyun se\u00e7eneklerimizle e\u011flencenin keyfini \u00e7\u0131kar\u0131n! Spor bahisleri, canl\u0131 bahisler, slot oyunlar\u0131 ve masa oyunlar\u0131 ile dolu bir evrende kaybolmaya haz\u0131r olun. Farkl\u0131 spor dallar\u0131ndaki etkinliklere bahis yaparak kazan\u00e7 f\u0131rsatlar\u0131n\u0131z\u0131 art\u0131rabilir, s\u00fcrekli g\u00fcncellenen oyunlar\u0131m\u0131zla keyifli anlar ya\u015fayabilirsiniz. Heyecan dolu bir deneyim sizi bekliyor!<\/p>\n\t\t<\/div>\n\t\t[\/vc_column][\/vc_row][vc_row css=&#8221;.vc_custom_1726836404422{padding-top: 40px !important;padding-bottom: 40px !important;}&#8221; woodmart_css_id=&#8221;66ed6eb0c0450&#8243; responsive_spacing=&#8221;eyJwYXJhbV90eXBlIjoid29vZG1hcnRfcmVzcG9uc2l2ZV9zcGFjaW5nIiwic2VsZWN0b3JfaWQiOiI2NmVkNmViMGMwNDUwIiwic2hvcnRjb2RlIjoidmNfcm93IiwiZGF0YSI6eyJ0YWJsZXQiOnt9LCJtb2JpbGUiOnt9fX0=&#8221; mobile_bg_img_hidden=&#8221;no&#8221; tablet_bg_img_hidden=&#8221;no&#8221; woodmart_parallax=&#8221;0&#8243; woodmart_gradient_switch=&#8221;no&#8221; woodmart_box_shadow=&#8221;no&#8221; wd_z_index=&#8221;no&#8221; woodmart_disable_overflow=&#8221;0&#8243; row_reverse_mobile=&#8221;0&#8243; row_reverse_tablet=&#8221;0&#8243;][vc_column width=&#8221;1\/2&#8243; vertical_alignment=&#8221;eyJkZXZpY2VzIjp7ImRlc2t0b3AiOnsidmFsdWUiOiJjZW50ZXIifSwidGFibGV0Ijp7InZhbHVlIjoiIn0sIm1vYmlsZSI6eyJ2YWx1ZSI6IiJ9fX0=&#8221; woodmart_css_id=&#8221;66eca3da1c518&#8243; parallax_scroll=&#8221;no&#8221; woodmart_sticky_column=&#8221;false&#8221; wd_collapsible_content_switcher=&#8221;no&#8221; wd_column_role_offcanvas_desktop=&#8221;no&#8221; wd_column_role_offcanvas_tablet=&#8221;no&#8221; wd_column_role_offcanvas_mobile=&#8221;no&#8221; wd_column_role_content_desktop=&#8221;no&#8221; wd_column_role_content_tablet=&#8221;no&#8221; wd_column_role_content_mobile=&#8221;no&#8221; mobile_bg_img_hidden=&#8221;no&#8221; tablet_bg_img_hidden=&#8221;no&#8221; woodmart_parallax=&#8221;0&#8243; woodmart_box_shadow=&#8221;no&#8221; responsive_spacing=&#8221;eyJwYXJhbV90eXBlIjoid29vZG1hcnRfcmVzcG9uc2l2ZV9zcGFjaW5nIiwic2VsZWN0b3JfaWQiOiI2NmVjYTNkYTFjNTE4Iiwic2hvcnRjb2RlIjoidmNfY29sdW1uIiwiZGF0YSI6eyJ0YWJsZXQiOnt9LCJtb2JpbGUiOnt9fX0=&#8221; mobile_reset_margin=&#8221;no&#8221; tablet_reset_margin=&#8221;no&#8221; wd_z_index=&#8221;no&#8221;]\t\t\t<div class=\"info-box-wrapper\">\n\t\t\t\t<div id=\"wd-66ed8100208ec\" class=\" wd-rs-66ed8100208ec wd-info-box wd-wpb text-left box-icon-align-left box-style- color-scheme-light wd-bg-none wd-items-middle \">\n\t\t\t\t\t\t\t\t\t\t<div class=\"info-box-content\">\n\t\t\t\t\t\t<div class=\"info-box-subtitle subtitle-color-primary wd-fontsize-m subtitle-style-default wd-font-weight-500\">G\u0130R\u0130\u015e YAP<\/div><h4 class=\"info-box-title title box-title-style-default wd-fontsize-xxl\">BahisBet H\u0131zl\u0131 Giri\u015f Ba\u011flant\u0131s\u0131<\/h4>\t\t\t\t\t\t<div class=\"info-box-inner set-cont-mb-s reset-last-child\"><\/div>\n\n\t\t\t\t\t\t\t\t\t\t\t<\/div>\n\n\t\t\t\t\t\n\t\t\t\t\t<style><\/style>\t\t\t\t<\/div>\n\t\t\t<\/div>\n\t\t\t\t<div id=\"wd-66ed810a80105\" class=\"wd-text-block wd-wpb reset-last-child wd-rs-66ed810a80105 text-left color-scheme-light \">\n\t\t\t<p>Sorun ya\u015fad\u0131\u011f\u0131n\u0131zda, s\u0131cak ve profesyonel destek ekibimiz her zaman yan\u0131n\u0131zdad\u0131r! 7\/24 a\u00e7\u0131k olan canl\u0131 destek hatt\u0131m\u0131z, sorular\u0131n\u0131za an\u0131nda yan\u0131t bulman\u0131za ve sorunlar\u0131n\u0131z\u0131 h\u0131zl\u0131ca \u00e7\u00f6zmenize olanak tan\u0131r. Kullan\u0131c\u0131 memnuniyeti en \u00f6nemli \u00f6nceli\u011fimizdir; t\u00fcm taleplerinize \u00f6zenle yan\u0131t veriyoruz.<\/p>\n<p>Yeni ve mevcut kullan\u0131c\u0131lar\u0131m\u0131z i\u00e7in sundu\u011fumuz cazip promosyonlar ve bonuslar, bahis deneyiminizi daha keyifli hale getiriyor. Ho\u015f geldin bonuslar\u0131m\u0131zla her yeni oyununuzda kazan\u00e7 \u015fans\u0131n\u0131z\u0131 art\u0131r\u0131yoruz. Bu f\u0131rsatlar\u0131 de\u011ferlendirmek i\u00e7in acele edin!<\/p>\n<p>G\u00fcncel platformumuza eri\u015fmek i\u00e7in yukar\u0131daki giri\u015f butonlar\u0131na t\u0131klaman\u0131z yeterlidir. \u015eimdi, heyecan dolu maceran\u0131za ba\u015flay\u0131n!<\/p>\n\t\t<\/div>\n\t\t[\/vc_column][vc_column width=&#8221;1\/2&#8243;][vc_single_image image=&#8221;9457&#8243; img_size=&#8221;full&#8221; css=&#8221;&#8221; parallax_scroll=&#8221;no&#8221; woodmart_inline=&#8221;no&#8221;][\/vc_column][\/vc_row][vc_row full_width=&#8221;stretch_row&#8221; woodmart_css_id=&#8221;66ed687819515&#8243; responsive_spacing=&#8221;eyJwYXJhbV90eXBlIjoid29vZG1hcnRfcmVzcG9uc2l2ZV9zcGFjaW5nIiwic2VsZWN0b3JfaWQiOiI2NmVkNjg3ODE5NTE1Iiwic2hvcnRjb2RlIjoidmNfcm93IiwiZGF0YSI6eyJ0YWJsZXQiOnt9LCJtb2JpbGUiOnt9fX0=&#8221; mobile_bg_img_hidden=&#8221;no&#8221; tablet_bg_img_hidden=&#8221;no&#8221; woodmart_parallax=&#8221;0&#8243; woodmart_gradient_switch=&#8221;yes&#8221; woodmart_color_gradient=&#8221;rgb(29, 29, 29)-1\/rgb(37, 37, 37)-32\/rgb(0, 0, 0)-66\/rgb(7, 7, 7)-100\/|linear-gradient(left , rgb(29, 29, 29) 1% , rgb(37, 37, 37) 32% , rgb(0, 0, 0) 66% , rgb(7, 7, 7) 100%)|linear|left&#8221; woodmart_box_shadow=&#8221;no&#8221; wd_z_index=&#8221;no&#8221; woodmart_disable_overflow=&#8221;0&#8243; row_reverse_mobile=&#8221;0&#8243; row_reverse_tablet=&#8221;0&#8243; css=&#8221;.vc_custom_1726834814486{padding-top: 20px !important;padding-bottom: 20px !important;}&#8221;][vc_column]\t\t\t<link rel=\"stylesheet\" id=\"wd-swiper-css\" href=\"https:\/\/www.bahisbet.ai\/wp-content\/themes\/woodmart\/css\/parts\/lib-swiper.min.css?ver=7.4.3\" type=\"text\/css\" media=\"all\" \/> \t\t\t\t\t\t<div id=\"carousel-946\" class=\"wd-carousel-container info-box-carousel-wrapper wd-wpb   wd-rs-66ecb17fc8ac5 \">\n\t\t\t\t<div class=\"wd-carousel-inner\">\n\t\t\t\t\t<div class=\"wd-carousel wd-grid info-box-carousel\" data-scroll_per_page=\"yes\" style=\"--wd-col-lg:4;--wd-col-md:4;--wd-col-sm:1;--wd-gap-lg:30px;--wd-gap-sm:10px;\">\n\t\t\t\t\t\t<div class=\"wd-carousel-wrap\">\n\t\t\t\t\t\t\t\t\t\t<div class=\"info-box-wrapper wd-carousel-item\">\n\t\t\t\t<div id=\"wd-66ecb2a02997c\" class=\" wd-rs-66ecb2a02997c wd-info-box wd-wpb text-left box-icon-align-top box-style- color-scheme-light wd-bg-none \">\n\t\t\t\t\t\t\t\t\t\t<div class=\"info-box-content\">\n\t\t\t\t\t\t<h4 class=\"info-box-title title box-title-style-default wd-fontsize-xl\">H\u0131zl\u0131 ve G\u00fcvenli \u00d6demeler<\/h4>\t\t\t\t\t\t<div class=\"info-box-inner set-cont-mb-s reset-last-child\"><p>Kullan\u0131c\u0131lar\u0131m\u0131z\u0131n kazan\u00e7lar\u0131na hemen eri\u015febilmesi i\u00e7in h\u0131zl\u0131 \u00f6deme s\u00fcre\u00e7leri sunuyoruz. G\u00fcvenilir \u00f6deme y\u00f6ntemleri ile paran\u0131z her zaman g\u00fcvende.<\/p>\n<\/div>\n\n\t\t\t\t\t\t\t\t\t\t\t<\/div>\n\n\t\t\t\t\t\n\t\t\t\t\t\t\t\t\t<\/div>\n\t\t\t<\/div>\n\t\t\t\t\t<div class=\"info-box-wrapper wd-carousel-item\">\n\t\t\t\t<div id=\"wd-66ed6c92bb6a8\" class=\" wd-rs-66ed6c92bb6a8 wd-info-box wd-wpb text-left box-icon-align-top box-style- color-scheme-light wd-bg-none \">\n\t\t\t\t\t\t\t\t\t\t<div class=\"info-box-content\">\n\t\t\t\t\t\t<h4 class=\"info-box-title title box-title-style-default wd-fontsize-xl\">Bonus ve Promosyonlar<\/h4>\t\t\t\t\t\t<div class=\"info-box-inner set-cont-mb-s reset-last-child\"><p>Yeni ve mevcut kullan\u0131c\u0131lar\u0131m\u0131za \u00f6zel harika bonuslar ve promosyonlar sunuyoruz. Kazanma \u015fans\u0131n\u0131z\u0131 art\u0131rmak i\u00e7in bu f\u0131rsatlar\u0131 de\u011ferlendirin!<\/p>\n<\/div>\n\n\t\t\t\t\t\t\t\t\t\t\t<\/div>\n\n\t\t\t\t\t\n\t\t\t\t\t\t\t\t\t<\/div>\n\t\t\t<\/div>\n\t\t\t\t\t<div class=\"info-box-wrapper wd-carousel-item\">\n\t\t\t\t<div id=\"wd-66eca2fe5a439\" class=\" wd-rs-66eca2fe5a439 wd-info-box wd-wpb text-left box-icon-align-top box-style- color-scheme-light wd-bg-none \">\n\t\t\t\t\t\t\t\t\t\t<div class=\"info-box-content\">\n\t\t\t\t\t\t<h4 class=\"info-box-title title box-title-style-default wd-fontsize-xl\">Mobil Uyumlu Platform<\/h4>\t\t\t\t\t\t<div class=\"info-box-inner set-cont-mb-s reset-last-child\"><p>Site, t\u00fcm cihazlarla uyumlu \u00e7al\u0131\u015farak bahislerinizi istedi\u011finiz her yerde yapman\u0131z\u0131 sa\u011flar. Mobil deneyimin keyfini \u00e7\u0131kar\u0131n!<\/p>\n<\/div>\n\n\t\t\t\t\t\t\t\t\t\t\t<\/div>\n\n\t\t\t\t\t\n\t\t\t\t\t\t\t\t\t<\/div>\n\t\t\t<\/div>\n\t\t\t\t\t<div class=\"info-box-wrapper wd-carousel-item\">\n\t\t\t\t<div id=\"wd-66ed6c6db3f37\" class=\" wd-rs-66ed6c6db3f37 wd-info-box wd-wpb text-left box-icon-align-top box-style- color-scheme-light wd-bg-none \">\n\t\t\t\t\t\t\t\t\t\t<div class=\"info-box-content\">\n\t\t\t\t\t\t<h4 class=\"info-box-title title box-title-style-default wd-fontsize-xl\">Canl\u0131 Bahis Se\u00e7enekleri<\/h4>\t\t\t\t\t\t<div class=\"info-box-inner set-cont-mb-s reset-last-child\"><\/p>\n<p>Her dakikada de\u011fi\u015fen olaylara h\u0131zl\u0131ca tepki vererek kazanc\u0131n\u0131z\u0131 art\u0131rma \u015fans\u0131 yakalay\u0131n. E\u011flencenizi bir ad\u0131m \u00f6teye ta\u015f\u0131y\u0131n!<\/p>\n<p>\n<\/div>\n\n\t\t\t\t\t\t\t\t\t\t\t<\/div>\n\n\t\t\t\t\t\n\t\t\t\t\t\t\t\t\t<\/div>\n\t\t\t<\/div>\n\t\t\t\t\t\t\t\t<\/div>\n\t\t\t\t\t<\/div>\n\n\t\t\t\t\t\t\t\t\t\t\t\t\t<div class=\"wd-nav-arrows wd-pos-sep wd-hover-1 wd-icon-1\">\n\t\t\t<div class=\"wd-btn-arrow wd-prev wd-disabled\">\n\t\t\t\t<div class=\"wd-arrow-inner\"><\/div>\n\t\t\t<\/div>\n\t\t\t<div class=\"wd-btn-arrow wd-next\">\n\t\t\t\t<div class=\"wd-arrow-inner\"><\/div>\n\t\t\t<\/div>\n\t\t<\/div>\n\t\t\t\t\t<link rel=\"stylesheet\" id=\"wd-swiper-arrows-css\" href=\"https:\/\/www.bahisbet.ai\/wp-content\/themes\/woodmart\/css\/parts\/lib-swiper-arrows.min.css?ver=7.4.3\" type=\"text\/css\" media=\"all\" \/> \t\t\t\t\t\t\t\t\t\t\t\t<\/div>\n\n\t\t\t\t\t\t\t\t\t\t\t<\/div>\n\t\t[\/vc_column][\/vc_row]<\/p>\n<\/div>","protected":false},"excerpt":{"rendered":"<p>[vc_row woodmart_stretch_content=&#8221;section-stretch&#8221; woodmart_bg_position=&#8221;left-center&#8221; css=&#8221;.vc_custom_1726840559590{padding-top: 160px !important;padding-bottom: 0px !important;background: #242424 url(https:\/\/www.bahisbet.ai\/wp-content\/uploads\/2024\/09\/bg3x.jpg?id=9452) !important;background-position: center !important;background-repeat: no-repeat !important;background-size: cover !important;}&#8221; mobile_bg_img_hidden=&#8221;no&#8221; tablet_bg_img_hidden=&#8221;no&#8221; woodmart_parallax=&#8221;0&#8243;<\/p>\n","protected":false},"author":1,"featured_media":0,"parent":0,"menu_order":0,"comment_status":"closed","ping_status":"closed","template":"","meta":{"footnotes":""},"class_list":["post-9230","page","type-page","status-publish","hentry"],"yoast_head":"<!-- This site is optimized with the Yoast SEO plugin v27.4 - https:\/\/yoast.com\/product\/yoast-seo-wordpress\/ -->\n<title>BahisBet 2024 G\u00fcncel Giri\u015f Ba\u011flant\u0131s\u0131<\/title>\n<meta name=\"description\" content=\"G\u00fcncel platformumuza h\u0131zl\u0131ca eri\u015fmek i\u00e7in giri\u015f butonlar\u0131na t\u0131klaman\u0131z yeterli. \u015eimdi, heyecan dolu maceran\u0131za ba\u015flay\u0131n!\" \/>\n<meta name=\"robots\" content=\"index, follow, max-snippet:-1, max-image-preview:large, max-video-preview:-1\" \/>\n<link rel=\"canonical\" href=\"https:\/\/www.bahisbet.ai\/\" \/>\n<meta property=\"og:locale\" content=\"tr_TR\" \/>\n<meta property=\"og:type\" content=\"article\" \/>\n<meta property=\"og:title\" content=\"BahisBet 2024 G\u00fcncel Giri\u015f Ba\u011flant\u0131s\u0131\" \/>\n<meta property=\"og:description\" content=\"G\u00fcncel platformumuza h\u0131zl\u0131ca eri\u015fmek i\u00e7in giri\u015f butonlar\u0131na t\u0131klaman\u0131z yeterli. \u015eimdi, heyecan dolu maceran\u0131za ba\u015flay\u0131n!\" \/>\n<meta property=\"og:url\" content=\"https:\/\/www.bahisbet.ai\/\" \/>\n<meta property=\"og:site_name\" content=\"Bahis Bet\" \/>\n<meta property=\"article:modified_time\" content=\"2024-09-20T14:07:15+00:00\" \/>\n<meta name=\"twitter:card\" content=\"summary_large_image\" \/>\n<meta name=\"twitter:label1\" content=\"Tahmini okuma s\u00fcresi\" \/>\n\t<meta name=\"twitter:data1\" content=\"5 dakika\" \/>\n<script type=\"application\/ld+json\" class=\"yoast-schema-graph\">{\"@context\":\"https:\\\/\\\/schema.org\",\"@graph\":[{\"@type\":\"WebPage\",\"@id\":\"https:\\\/\\\/www.bahisbet.ai\\\/\",\"url\":\"https:\\\/\\\/www.bahisbet.ai\\\/\",\"name\":\"BahisBet 2024 G\u00fcncel Giri\u015f Ba\u011flant\u0131s\u0131\",\"isPartOf\":{\"@id\":\"https:\\\/\\\/www.bahisbet.ai\\\/#website\"},\"datePublished\":\"2023-03-23T12:00:02+00:00\",\"dateModified\":\"2024-09-20T14:07:15+00:00\",\"description\":\"G\u00fcncel platformumuza h\u0131zl\u0131ca eri\u015fmek i\u00e7in giri\u015f butonlar\u0131na t\u0131klaman\u0131z yeterli. \u015eimdi, heyecan dolu maceran\u0131za ba\u015flay\u0131n!\",\"breadcrumb\":{\"@id\":\"https:\\\/\\\/www.bahisbet.ai\\\/#breadcrumb\"},\"inLanguage\":\"tr\",\"potentialAction\":[{\"@type\":\"ReadAction\",\"target\":[\"https:\\\/\\\/www.bahisbet.ai\\\/\"]}]},{\"@type\":\"BreadcrumbList\",\"@id\":\"https:\\\/\\\/www.bahisbet.ai\\\/#breadcrumb\",\"itemListElement\":[{\"@type\":\"ListItem\",\"position\":1,\"name\":\"Anasayfa\",\"item\":\"https:\\\/\\\/www.bahisbet.ai\\\/\"},{\"@type\":\"ListItem\",\"position\":2,\"name\":\"Anasayfa\"}]},{\"@type\":\"WebSite\",\"@id\":\"https:\\\/\\\/www.bahisbet.ai\\\/#website\",\"url\":\"https:\\\/\\\/www.bahisbet.ai\\\/\",\"name\":\"Bahis Bet\",\"description\":\"\",\"potentialAction\":[{\"@type\":\"SearchAction\",\"target\":{\"@type\":\"EntryPoint\",\"urlTemplate\":\"https:\\\/\\\/www.bahisbet.ai\\\/?s={search_term_string}\"},\"query-input\":{\"@type\":\"PropertyValueSpecification\",\"valueRequired\":true,\"valueName\":\"search_term_string\"}}],\"inLanguage\":\"tr\"}]}<\/script>\n<!-- \/ Yoast SEO plugin. -->","yoast_head_json":{"title":"BahisBet 2024 G\u00fcncel Giri\u015f Ba\u011flant\u0131s\u0131","description":"G\u00fcncel platformumuza h\u0131zl\u0131ca eri\u015fmek i\u00e7in giri\u015f butonlar\u0131na t\u0131klaman\u0131z yeterli. \u015eimdi, heyecan dolu maceran\u0131za ba\u015flay\u0131n!","robots":{"index":"index","follow":"follow","max-snippet":"max-snippet:-1","max-image-preview":"max-image-preview:large","max-video-preview":"max-video-preview:-1"},"canonical":"https:\/\/www.bahisbet.ai\/","og_locale":"tr_TR","og_type":"article","og_title":"BahisBet 2024 G\u00fcncel Giri\u015f Ba\u011flant\u0131s\u0131","og_description":"G\u00fcncel platformumuza h\u0131zl\u0131ca eri\u015fmek i\u00e7in giri\u015f butonlar\u0131na t\u0131klaman\u0131z yeterli. \u015eimdi, heyecan dolu maceran\u0131za ba\u015flay\u0131n!","og_url":"https:\/\/www.bahisbet.ai\/","og_site_name":"Bahis Bet","article_modified_time":"2024-09-20T14:07:15+00:00","twitter_card":"summary_large_image","twitter_misc":{"Tahmini okuma s\u00fcresi":"5 dakika"},"schema":{"@context":"https:\/\/schema.org","@graph":[{"@type":"WebPage","@id":"https:\/\/www.bahisbet.ai\/","url":"https:\/\/www.bahisbet.ai\/","name":"BahisBet 2024 G\u00fcncel Giri\u015f Ba\u011flant\u0131s\u0131","isPartOf":{"@id":"https:\/\/www.bahisbet.ai\/#website"},"datePublished":"2023-03-23T12:00:02+00:00","dateModified":"2024-09-20T14:07:15+00:00","description":"G\u00fcncel platformumuza h\u0131zl\u0131ca eri\u015fmek i\u00e7in giri\u015f butonlar\u0131na t\u0131klaman\u0131z yeterli. \u015eimdi, heyecan dolu maceran\u0131za ba\u015flay\u0131n!","breadcrumb":{"@id":"https:\/\/www.bahisbet.ai\/#breadcrumb"},"inLanguage":"tr","potentialAction":[{"@type":"ReadAction","target":["https:\/\/www.bahisbet.ai\/"]}]},{"@type":"BreadcrumbList","@id":"https:\/\/www.bahisbet.ai\/#breadcrumb","itemListElement":[{"@type":"ListItem","position":1,"name":"Anasayfa","item":"https:\/\/www.bahisbet.ai\/"},{"@type":"ListItem","position":2,"name":"Anasayfa"}]},{"@type":"WebSite","@id":"https:\/\/www.bahisbet.ai\/#website","url":"https:\/\/www.bahisbet.ai\/","name":"Bahis Bet","description":"","potentialAction":[{"@type":"SearchAction","target":{"@type":"EntryPoint","urlTemplate":"https:\/\/www.bahisbet.ai\/?s={search_term_string}"},"query-input":{"@type":"PropertyValueSpecification","valueRequired":true,"valueName":"search_term_string"}}],"inLanguage":"tr"}]}},"_links":{"self":[{"href":"https:\/\/www.bahisbet.ai\/index.php?rest_route=\/wp\/v2\/pages\/9230","targetHints":{"allow":["GET"]}}],"collection":[{"href":"https:\/\/www.bahisbet.ai\/index.php?rest_route=\/wp\/v2\/pages"}],"about":[{"href":"https:\/\/www.bahisbet.ai\/index.php?rest_route=\/wp\/v2\/types\/page"}],"author":[{"embeddable":true,"href":"https:\/\/www.bahisbet.ai\/index.php?rest_route=\/wp\/v2\/users\/1"}],"replies":[{"embeddable":true,"href":"https:\/\/www.bahisbet.ai\/index.php?rest_route=%2Fwp%2Fv2%2Fcomments&post=9230"}],"version-history":[{"count":8,"href":"https:\/\/www.bahisbet.ai\/index.php?rest_route=\/wp\/v2\/pages\/9230\/revisions"}],"predecessor-version":[{"id":9459,"href":"https:\/\/www.bahisbet.ai\/index.php?rest_route=\/wp\/v2\/pages\/9230\/revisions\/9459"}],"wp:attachment":[{"href":"https:\/\/www.bahisbet.ai\/index.php?rest_route=%2Fwp%2Fv2%2Fmedia&parent=9230"}],"curies":[{"name":"wp","href":"https:\/\/api.w.org\/{rel}","templated":true}]}}